{"id":7679,"date":"2023-01-27T14:25:44","date_gmt":"2023-01-27T14:25:44","guid":{"rendered":"https:\/\/nominaliaprojects.com\/ac-fix\/sistema-press-multi-para-tubos-multicapa\/"},"modified":"2023-02-21T12:12:21","modified_gmt":"2023-02-21T12:12:21","slug":"systeme-press-multi-pour-tubes-multicouche","status":"publish","type":"page","link":"https:\/\/ac-fix.com\/fr\/systeme-press-multi-pour-tubes-multicouche\/","title":{"rendered":"Syst\u00e8me PRESS-MULTI pour tubes multicouche"},"content":{"rendered":"\t\t<div data-elementor-type=\"wp-page\" data-elementor-id=\"7679\" class=\"elementor elementor-7679 elementor-5321\">\n\t\t\t\t\t\t<section class=\"elementor-section elementor-top-section elementor-element elementor-element-a9ad3c7 elementor-reverse-tablet elementor-reverse-mobile elementor-section-stretched elementor-section-boxed elementor-section-height-default elementor-section-height-default\" data-id=\"a9ad3c7\" data-element_type=\"section\" data-e-type=\"section\" data-settings=\"{&quot;stretch_section&quot;:&quot;section-stretched&quot;}\">\n\t\t\t\t\t\t<div class=\"elementor-container elementor-column-gap-default\">\n\t\t\t\t\t<div class=\"elementor-column elementor-col-33 elementor-top-column elementor-element elementor-element-1fcd31c\" data-id=\"1fcd31c\" data-element_type=\"column\" data-e-type=\"column\">\n\t\t\t<div class=\"elementor-widget-wrap elementor-element-populated\">\n\t\t\t\t\t\t<div class=\"elementor-element elementor-element-37fc282 elementor-widget elementor-widget-plumbit-heading\" data-id=\"37fc282\" data-element_type=\"widget\" data-e-type=\"widget\" data-widget_type=\"plumbit-heading.default\">\n\t\t\t\t<div class=\"elementor-widget-container\">\n\t\t\t\t\t<div class=\"stronghold-heading\"><div class=\"heading-title\"><h5 class=\"heading-title-element\">Information technique<\/h5><\/div><\/div>\t\t\t\t<\/div>\n\t\t\t\t<\/div>\n\t\t\t\t<div class=\"elementor-element elementor-element-5da5255 elementor-widget elementor-widget-plumbit-custom-menu\" data-id=\"5da5255\" data-element_type=\"widget\" data-e-type=\"widget\" data-widget_type=\"plumbit-custom-menu.default\">\n\t\t\t\t<div class=\"elementor-widget-container\">\n\t\t\t\t\t<div class=\"stronghold-custom-menu-wrap\"><ul class=\"stronghold-custom-menu\"><li class=\"custom-menu-item\"><a class=\"menu-item-title-element\" href=\"https:\/\/ac-fix.com\/fr\/systeme-press-multi-pour-tubes-multicouche\/systeme-press-multi\/\">Syst\u00e8me PRESS-MULTI<\/a><\/li><li class=\"custom-menu-item\"><a class=\"menu-item-title-element\" href=\"https:\/\/ac-fix.com\/fr\/systeme-press-multi-pour-tubes-multicouche\/vanne-a-sphere-en-laiton-avec-levier\/\">Vanne \u00e0 sph\u00e8re en laiton avec levier<\/a><\/li><li class=\"custom-menu-item\"><a class=\"menu-item-title-element\" href=\"https:\/\/ac-fix.com\/fr\/systeme-press-multi-pour-tubes-multicouche\/etapes-dassemblage-dn-40-50-y-63\/\">\u00c9tapes d\u2019assemblage DN 40, 50 Y 63<\/a><\/li><li class=\"custom-menu-item\"><a class=\"menu-item-title-element\" href=\"https:\/\/ac-fix.com\/fr\/systeme-press-multi-pour-tubes-multicouche\/etapes-dassemblage-dn-16-a-32\/\">\u00c9tapes d\u2019assemblage DN 16 \u00c0 32<\/a><\/li><\/ul><\/div>\t\t\t\t<\/div>\n\t\t\t\t<\/div>\n\t\t\t\t<div class=\"elementor-element elementor-element-0983277 elementor-widget elementor-widget-plumbit-heading\" data-id=\"0983277\" data-element_type=\"widget\" data-e-type=\"widget\" data-widget_type=\"plumbit-heading.default\">\n\t\t\t\t<div class=\"elementor-widget-container\">\n\t\t\t\t\t<div class=\"stronghold-heading\"><div class=\"heading-title\"><h5 class=\"heading-title-element\">Certificats<\/h5><\/div><\/div>\t\t\t\t<\/div>\n\t\t\t\t<\/div>\n\t\t\t\t<div class=\"elementor-element elementor-element-93f3d81 elementor-widget elementor-widget-plumbit-custom-menu\" data-id=\"93f3d81\" data-element_type=\"widget\" data-e-type=\"widget\" data-widget_type=\"plumbit-custom-menu.default\">\n\t\t\t\t<div class=\"elementor-widget-container\">\n\t\t\t\t\t<div class=\"stronghold-custom-menu-wrap\"><ul class=\"stronghold-custom-menu\"><li class=\"custom-menu-item\"><a class=\"menu-item-title-element\" href=\"https:\/\/ac-fix.com\/wp-content\/uploads\/2023\/01\/certificado_Aenor_sistema_multicapa_pex_press_multi_dn16_63.pdf\">AENOR certificate AC-FIX system multilayer PEX PRESS-MULTI<\/a><i class=\"custom-menu-icon fas fa-file-pdf\"><\/i><\/li><li class=\"custom-menu-item\"><a class=\"menu-item-title-element\" href=\"https:\/\/ac-fix.com\/wp-content\/uploads\/2023\/08\/QM15_322958-QM15_EN.pdf\">Certificat ISO 9001-2015<\/a><i class=\"custom-menu-icon fas fa-file-pdf\"><\/i><\/li><\/ul><\/div>\t\t\t\t<\/div>\n\t\t\t\t<\/div>\n\t\t\t\t<section class=\"elementor-section elementor-inner-section elementor-element elementor-element-bba729c elementor-section-boxed elementor-section-height-default elementor-section-height-default\" data-id=\"bba729c\" data-element_type=\"section\" data-e-type=\"section\" data-settings=\"{&quot;background_background&quot;:&quot;classic&quot;}\">\n\t\t\t\t\t\t<div class=\"elementor-container elementor-column-gap-default\">\n\t\t\t\t\t<div class=\"elementor-column elementor-col-100 elementor-inner-column elementor-element elementor-element-0343d99\" data-id=\"0343d99\" data-element_type=\"column\" data-e-type=\"column\">\n\t\t\t<div class=\"elementor-widget-wrap elementor-element-populated\">\n\t\t\t\t\t\t<div class=\"elementor-element elementor-element-605af99 elementor-widget elementor-widget-plumbit-heading\" data-id=\"605af99\" data-element_type=\"widget\" data-e-type=\"widget\" data-widget_type=\"plumbit-heading.default\">\n\t\t\t\t<div class=\"elementor-widget-container\">\n\t\t\t\t\t<div class=\"stronghold-heading\"><div class=\"heading-title\"><h5 class=\"heading-title-element\">Solicite informaci\u00f3n<\/h5><\/div><\/div>\t\t\t\t<\/div>\n\t\t\t\t<\/div>\n\t\t\t\t<div class=\"elementor-element elementor-element-93bab00 elementor-widget elementor-widget-plumbit-contact-form\" data-id=\"93bab00\" data-element_type=\"widget\" data-e-type=\"widget\" data-widget_type=\"plumbit-contact-form.default\">\n\t\t\t\t<div class=\"elementor-widget-container\">\n\t\t\t\t\t           \r\n            <div class=\"contact-form-wrapper\">\r\n                \n<div class=\"wpcf7 no-js\" id=\"wpcf7-f9514-o1\" lang=\"fr-FR\" dir=\"ltr\" data-wpcf7-id=\"9514\">\n<div class=\"screen-reader-response\"><p role=\"status\" aria-live=\"polite\" aria-atomic=\"true\"><\/p> <ul><\/ul><\/div>\n<form action=\"\/fr\/wp-json\/wp\/v2\/pages\/7679#wpcf7-f9514-o1\" method=\"post\" class=\"wpcf7-form init\" aria-label=\"Formulaire de contact\" novalidate=\"novalidate\" data-status=\"init\">\n<fieldset class=\"hidden-fields-container\"><input type=\"hidden\" name=\"_wpcf7\" value=\"9514\" \/><input type=\"hidden\" name=\"_wpcf7_version\" value=\"6.1.5\" \/><input type=\"hidden\" name=\"_wpcf7_locale\" value=\"fr_FR\" \/><input type=\"hidden\" name=\"_wpcf7_unit_tag\" value=\"wpcf7-f9514-o1\" \/><input type=\"hidden\" name=\"_wpcf7_container_post\" value=\"0\" \/><input type=\"hidden\" name=\"_wpcf7_posted_data_hash\" value=\"\" \/><input type=\"hidden\" name=\"_wpcf7_recaptcha_response\" value=\"\" \/>\n<\/fieldset>\n<div class=\"service-contact-form-wrapper\">\n\t<p><span class=\"wpcf7-form-control-wrap\" data-name=\"nombre\"><input size=\"40\" maxlength=\"400\" class=\"wpcf7-form-control wpcf7-text wpcf7-validates-as-required\" aria-required=\"true\" aria-invalid=\"false\" value=\"Nom*\" type=\"text\" name=\"nombre\" \/><\/span>\n\t<\/p>\n\t<p><span class=\"wpcf7-form-control-wrap\" data-name=\"email\"><input size=\"40\" maxlength=\"400\" class=\"wpcf7-form-control wpcf7-email wpcf7-validates-as-required wpcf7-text wpcf7-validates-as-email\" aria-required=\"true\" aria-invalid=\"false\" value=\"Email*\" type=\"email\" name=\"email\" \/><\/span>\n\t<\/p>\n\t<p><span class=\"wpcf7-form-control-wrap\" data-name=\"telefono\"><input size=\"40\" maxlength=\"400\" class=\"wpcf7-form-control wpcf7-text wpcf7-validates-as-required\" aria-required=\"true\" aria-invalid=\"false\" value=\"T\u00e9l\u00e9phone*\" type=\"text\" name=\"telefono\" \/><\/span>\n\t<\/p>\n\t<p><span class=\"wpcf7-form-control-wrap\" data-name=\"producto\"><select class=\"wpcf7-form-control wpcf7-select\" aria-invalid=\"false\" name=\"producto\"><option value=\"Seleccione un producto\">Seleccione un producto<\/option><option value=\"Aerotermia\">Aerotermia<\/option><option value=\"Suelo radiante\">Suelo radiante<\/option><option value=\"Tuber\u00edas\">Tuber\u00edas<\/option><option value=\"Sist. Anillo de expansi\u00f3n para tubos PEX-a\">Sist. Anillo de expansi\u00f3n para tubos PEX-a<\/option><option value=\"Sist. Corredizo para tubos\">Sist. Corredizo para tubos<\/option><option value=\"Sist. Press duo para tubos PEX y multicapa\">Sist. Press duo para tubos PEX y multicapa<\/option><option value=\"Sist. Press multi para tubos multicapa\">Sist. Press multi para tubos multicapa<\/option><option value=\"Colectores\">Colectores<\/option><option value=\"Herramientas\">Herramientas<\/option><option value=\"Solar\">Solar<\/option><option value=\"V\u00e1lvulas de radiador\">V\u00e1lvulas de radiador<\/option><\/select><\/span>\n\t<\/p>\n\t<p><span class=\"wpcf7-form-control-wrap\" data-name=\"Consulta\"><textarea cols=\"20\" rows=\"3\" maxlength=\"2000\" class=\"wpcf7-form-control wpcf7-textarea wpcf7-validates-as-required\" aria-required=\"true\" aria-invalid=\"false\" name=\"Consulta\">Demander*<\/textarea><\/span>\n\t<\/p>\n\t<p><input class=\"wpcf7-form-control wpcf7-submit has-spinner\" type=\"submit\" value=\"Enviar\" \/>\n\t<\/p>\n<\/div><div class=\"wpcf7-response-output\" aria-hidden=\"true\"><\/div>\n<\/form>\n<\/div>\n            <\/div>\r\n            \t\t\t\t<\/div>\n\t\t\t\t<\/div>\n\t\t\t\t\t<\/div>\n\t\t<\/div>\n\t\t\t\t\t<\/div>\n\t\t<\/section>\n\t\t\t\t\t<\/div>\n\t\t<\/div>\n\t\t\t\t<div class=\"elementor-column elementor-col-66 elementor-top-column elementor-element elementor-element-0659398\" data-id=\"0659398\" data-element_type=\"column\" data-e-type=\"column\">\n\t\t\t<div class=\"elementor-widget-wrap elementor-element-populated\">\n\t\t\t\t\t\t<section class=\"elementor-section elementor-inner-section elementor-element elementor-element-754d620 elementor-section-boxed elementor-section-height-default elementor-section-height-default\" data-id=\"754d620\" data-element_type=\"section\" data-e-type=\"section\">\n\t\t\t\t\t\t<div class=\"elementor-container elementor-column-gap-default\">\n\t\t\t\t\t<div class=\"elementor-column elementor-col-100 elementor-inner-column elementor-element elementor-element-3328ec1\" data-id=\"3328ec1\" data-element_type=\"column\" data-e-type=\"column\">\n\t\t\t<div class=\"elementor-widget-wrap elementor-element-populated\">\n\t\t\t\t\t\t<div class=\"elementor-element elementor-element-c3ce32d elementor-widget elementor-widget-plumbit-heading\" data-id=\"c3ce32d\" data-element_type=\"widget\" data-e-type=\"widget\" data-widget_type=\"plumbit-heading.default\">\n\t\t\t\t<div class=\"elementor-widget-container\">\n\t\t\t\t\t<div class=\"stronghold-heading\"><div class=\"heading-subtitle\"> <span class=\"heading-sep-front\"><\/span><span class=\"heading-subtitle-span\">Syst\u00e8me PRESS-MULTI<\/span><\/div><div class=\"heading-title\"><h4 class=\"heading-title-element\">Pour tubes multicouche<\/h4><\/div><\/div>\t\t\t\t<\/div>\n\t\t\t\t<\/div>\n\t\t\t\t\t<\/div>\n\t\t<\/div>\n\t\t\t\t\t<\/div>\n\t\t<\/section>\n\t\t\t\t<div class=\"elementor-element elementor-element-59eac5f elementor-widget elementor-widget-image\" data-id=\"59eac5f\" data-element_type=\"widget\" data-e-type=\"widget\" data-widget_type=\"image.default\">\n\t\t\t\t<div class=\"elementor-widget-container\">\n\t\t\t\t\t\t\t\t\t\t\t\t\t\t\t<img fetchpriority=\"high\" decoding=\"async\" width=\"841\" height=\"541\" src=\"https:\/\/ac-fix.com\/wp-content\/uploads\/2023\/01\/cab-press-multi.jpg\" class=\"attachment-large size-large wp-image-6667\" alt=\"\" srcset=\"https:\/\/ac-fix.com\/wp-content\/uploads\/2023\/01\/cab-press-multi.jpg 841w, https:\/\/ac-fix.com\/wp-content\/uploads\/2023\/01\/cab-press-multi-300x193.jpg 300w, https:\/\/ac-fix.com\/wp-content\/uploads\/2023\/01\/cab-press-multi-768x494.jpg 768w, https:\/\/ac-fix.com\/wp-content\/uploads\/2023\/01\/cab-press-multi-600x386.jpg 600w\" sizes=\"(max-width: 841px) 100vw, 841px\" \/>\t\t\t\t\t\t\t\t\t\t\t\t\t\t\t<\/div>\n\t\t\t\t<\/div>\n\t\t\t\t<section class=\"elementor-section elementor-inner-section elementor-element elementor-element-8bf1521 elementor-section-boxed elementor-section-height-default elementor-section-height-default\" data-id=\"8bf1521\" data-element_type=\"section\" data-e-type=\"section\">\n\t\t\t\t\t\t<div class=\"elementor-container elementor-column-gap-default\">\n\t\t\t\t\t<div class=\"elementor-column elementor-col-50 elementor-inner-column elementor-element elementor-element-2fc0a44\" data-id=\"2fc0a44\" data-element_type=\"column\" data-e-type=\"column\">\n\t\t\t<div class=\"elementor-widget-wrap elementor-element-populated\">\n\t\t\t\t\t\t<div class=\"elementor-element elementor-element-79ca404 elementor-widget elementor-widget-text-editor\" data-id=\"79ca404\" data-element_type=\"widget\" data-e-type=\"widget\" data-widget_type=\"text-editor.default\">\n\t\t\t\t<div class=\"elementor-widget-container\">\n\t\t\t\t\t\t\t\t\t<p>Lorem ipsum dolor sit amet, consectetur adipiscing elit. Donec sit amet pellentesque justo. Vestibulum commodo ornare lorem, in aliquam tellus aliquet quis.<\/p>\n<\/p>\n<p>Morbi porta neque eu mi viverra bibendum. Sed arcu tortor, viverra eget tristique a, efficitur vel elit. Phasellus risus dui, cursus eu nisi ut, pulvinar viverra lectus. Duis volutpat cursus risus, ut tincidunt metus efficitur eu. Ut vehicula nec risus molestie placerat. Duis molestie fermentum vehicula. Ut eget lorem sed risus pharetra porta eu vel nisl. Donec vulputate nec libero quis bibendum. Nam volutpat mattis elit. Aenean volutpat dapibus rutrum<\/p>\n\t\t\t\t\t\t\t\t<\/div>\n\t\t\t\t<\/div>\n\t\t\t\t\t<\/div>\n\t\t<\/div>\n\t\t\t\t<div class=\"elementor-column elementor-col-50 elementor-inner-column elementor-element elementor-element-f0c4751\" data-id=\"f0c4751\" data-element_type=\"column\" data-e-type=\"column\">\n\t\t\t<div class=\"elementor-widget-wrap elementor-element-populated\">\n\t\t\t\t\t\t<div class=\"elementor-element elementor-element-52803b4 elementor-widget elementor-widget-image\" data-id=\"52803b4\" data-element_type=\"widget\" data-e-type=\"widget\" data-widget_type=\"image.default\">\n\t\t\t\t<div class=\"elementor-widget-container\">\n\t\t\t\t\t\t\t\t\t\t\t\t\t\t\t<img decoding=\"async\" width=\"300\" height=\"271\" src=\"https:\/\/ac-fix.com\/wp-content\/uploads\/2023\/02\/PressMulti_01.2023-300x271.png\" class=\"attachment-medium size-medium wp-image-7206\" alt=\"Catalogo press multi\" srcset=\"https:\/\/ac-fix.com\/wp-content\/uploads\/2023\/02\/PressMulti_01.2023-300x271.png 300w, https:\/\/ac-fix.com\/wp-content\/uploads\/2023\/02\/PressMulti_01.2023.png 400w\" sizes=\"(max-width: 300px) 100vw, 300px\" \/>\t\t\t\t\t\t\t\t\t\t\t\t\t\t\t<\/div>\n\t\t\t\t<\/div>\n\t\t\t\t<div class=\"elementor-element elementor-element-d25f1a6 elementor-widget elementor-widget-plumbit-button\" data-id=\"d25f1a6\" data-element_type=\"widget\" data-e-type=\"widget\" data-widget_type=\"plumbit-button.default\">\n\t\t\t\t<div class=\"elementor-widget-container\">\n\t\t\t\t\t<div class=\"stronghold-btn\"><a class=\"stronghold-btn-link-url btn\" href=\"\/wp-content\/uploads\/2023\/02\/05-PRESS-MULTI-FR.pdf\" target=\"_blank\">CATALOGUE<i class=\"btn-icon pe-7s-cloud-download\"><\/i><\/a><\/div>\t\t\t\t<\/div>\n\t\t\t\t<\/div>\n\t\t\t\t\t<\/div>\n\t\t<\/div>\n\t\t\t\t\t<\/div>\n\t\t<\/section>\n\t\t\t\t<div class=\"elementor-element elementor-element-08225b6 elementor-widget elementor-widget-spacer\" data-id=\"08225b6\" data-element_type=\"widget\" data-e-type=\"widget\" data-widget_type=\"spacer.default\">\n\t\t\t\t<div class=\"elementor-widget-container\">\n\t\t\t\t\t\t\t<div class=\"elementor-spacer\">\n\t\t\t<div class=\"elementor-spacer-inner\"><\/div>\n\t\t<\/div>\n\t\t\t\t\t\t<\/div>\n\t\t\t\t<\/div>\n\t\t\t\t\t<\/div>\n\t\t<\/div>\n\t\t\t\t\t<\/div>\n\t\t<\/section>\n\t\t\t\t<\/div>\n\t\t","protected":false},"excerpt":{"rendered":"<p>Information technique Syst\u00e8me PRESS-MULTI Vanne \u00e0 sph\u00e8re en laiton avec levier \u00c9tapes d\u2019assemblage DN 40, 50 Y 63 \u00c9tapes d\u2019assemblage DN 16 \u00c0 32 Certificats AENOR certificate AC-FIX system multilayer [&hellip;]<\/p>\n","protected":false},"author":2,"featured_media":0,"parent":0,"menu_order":0,"comment_status":"closed","ping_status":"closed","template":"","meta":{"footnotes":""},"class_list":["post-7679","page","type-page","status-publish","hentry"],"yoast_head":"<!-- This site is optimized with the Yoast SEO plugin v27.5 - https:\/\/yoast.com\/product\/yoast-seo-wordpress\/ -->\n<title>Syst\u00e8me PRESS-MULTI pour tubes multicouche - AC-FIX<\/title>\n<meta name=\"robots\" content=\"index, follow, max-snippet:-1, max-image-preview:large, max-video-preview:-1\" \/>\n<link rel=\"canonical\" href=\"https:\/\/ac-fix.com\/fr\/systeme-press-multi-pour-tubes-multicouche\/\" \/>\n<meta property=\"og:locale\" content=\"fr_FR\" \/>\n<meta property=\"og:type\" content=\"article\" \/>\n<meta property=\"og:title\" content=\"Syst\u00e8me PRESS-MULTI pour tubes multicouche - AC-FIX\" \/>\n<meta property=\"og:description\" content=\"Information technique Syst\u00e8me PRESS-MULTI Vanne \u00e0 sph\u00e8re en laiton avec levier \u00c9tapes d\u2019assemblage DN 40, 50 Y 63 \u00c9tapes d\u2019assemblage DN 16 \u00c0 32 Certificats AENOR certificate AC-FIX system multilayer [&hellip;]\" \/>\n<meta property=\"og:url\" content=\"https:\/\/ac-fix.com\/fr\/systeme-press-multi-pour-tubes-multicouche\/\" \/>\n<meta property=\"og:site_name\" content=\"AC-FIX\" \/>\n<meta property=\"article:modified_time\" content=\"2023-02-21T12:12:21+00:00\" \/>\n<meta property=\"og:image\" content=\"https:\/\/ac-fix.com\/wp-content\/uploads\/2023\/01\/cab-press-multi.jpg\" \/>\n<meta name=\"twitter:card\" content=\"summary_large_image\" \/>\n<script type=\"application\/ld+json\" class=\"yoast-schema-graph\">{\"@context\":\"https:\\\/\\\/schema.org\",\"@graph\":[{\"@type\":\"WebPage\",\"@id\":\"https:\\\/\\\/ac-fix.com\\\/fr\\\/systeme-press-multi-pour-tubes-multicouche\\\/\",\"url\":\"https:\\\/\\\/ac-fix.com\\\/fr\\\/systeme-press-multi-pour-tubes-multicouche\\\/\",\"name\":\"Syst\u00e8me PRESS-MULTI pour tubes multicouche - AC-FIX\",\"isPartOf\":{\"@id\":\"https:\\\/\\\/ac-fix.com\\\/fr\\\/#website\"},\"primaryImageOfPage\":{\"@id\":\"https:\\\/\\\/ac-fix.com\\\/fr\\\/systeme-press-multi-pour-tubes-multicouche\\\/#primaryimage\"},\"image\":{\"@id\":\"https:\\\/\\\/ac-fix.com\\\/fr\\\/systeme-press-multi-pour-tubes-multicouche\\\/#primaryimage\"},\"thumbnailUrl\":\"https:\\\/\\\/ac-fix.com\\\/wp-content\\\/uploads\\\/2023\\\/01\\\/cab-press-multi.jpg\",\"datePublished\":\"2023-01-27T14:25:44+00:00\",\"dateModified\":\"2023-02-21T12:12:21+00:00\",\"breadcrumb\":{\"@id\":\"https:\\\/\\\/ac-fix.com\\\/fr\\\/systeme-press-multi-pour-tubes-multicouche\\\/#breadcrumb\"},\"inLanguage\":\"fr-FR\",\"potentialAction\":[{\"@type\":\"ReadAction\",\"target\":[\"https:\\\/\\\/ac-fix.com\\\/fr\\\/systeme-press-multi-pour-tubes-multicouche\\\/\"]}]},{\"@type\":\"ImageObject\",\"inLanguage\":\"fr-FR\",\"@id\":\"https:\\\/\\\/ac-fix.com\\\/fr\\\/systeme-press-multi-pour-tubes-multicouche\\\/#primaryimage\",\"url\":\"https:\\\/\\\/ac-fix.com\\\/wp-content\\\/uploads\\\/2023\\\/01\\\/cab-press-multi.jpg\",\"contentUrl\":\"https:\\\/\\\/ac-fix.com\\\/wp-content\\\/uploads\\\/2023\\\/01\\\/cab-press-multi.jpg\"},{\"@type\":\"BreadcrumbList\",\"@id\":\"https:\\\/\\\/ac-fix.com\\\/fr\\\/systeme-press-multi-pour-tubes-multicouche\\\/#breadcrumb\",\"itemListElement\":[{\"@type\":\"ListItem\",\"position\":1,\"name\":\"Home\",\"item\":\"https:\\\/\\\/ac-fix.com\\\/fr\\\/\"},{\"@type\":\"ListItem\",\"position\":2,\"name\":\"Syst\u00e8me PRESS-MULTI pour tubes multicouche\"}]},{\"@type\":\"WebSite\",\"@id\":\"https:\\\/\\\/ac-fix.com\\\/fr\\\/#website\",\"url\":\"https:\\\/\\\/ac-fix.com\\\/fr\\\/\",\"name\":\"AC-FIX\",\"description\":\"Sistemas de tuber\u00edas | Climatizaci\u00f3n Radiante | Aerotermia\",\"publisher\":{\"@id\":\"https:\\\/\\\/ac-fix.com\\\/fr\\\/#organization\"},\"potentialAction\":[{\"@type\":\"SearchAction\",\"target\":{\"@type\":\"EntryPoint\",\"urlTemplate\":\"https:\\\/\\\/ac-fix.com\\\/fr\\\/?s={search_term_string}\"},\"query-input\":{\"@type\":\"PropertyValueSpecification\",\"valueRequired\":true,\"valueName\":\"search_term_string\"}}],\"inLanguage\":\"fr-FR\"},{\"@type\":\"Organization\",\"@id\":\"https:\\\/\\\/ac-fix.com\\\/fr\\\/#organization\",\"name\":\"Global Piping Systems, S.L.\",\"url\":\"https:\\\/\\\/ac-fix.com\\\/fr\\\/\",\"logo\":{\"@type\":\"ImageObject\",\"inLanguage\":\"fr-FR\",\"@id\":\"https:\\\/\\\/ac-fix.com\\\/fr\\\/#\\\/schema\\\/logo\\\/image\\\/\",\"url\":\"https:\\\/\\\/ac-fix.com\\\/wp-content\\\/uploads\\\/2022\\\/12\\\/logo.png\",\"contentUrl\":\"https:\\\/\\\/ac-fix.com\\\/wp-content\\\/uploads\\\/2022\\\/12\\\/logo.png\",\"width\":383,\"height\":84,\"caption\":\"Global Piping Systems, S.L.\"},\"image\":{\"@id\":\"https:\\\/\\\/ac-fix.com\\\/fr\\\/#\\\/schema\\\/logo\\\/image\\\/\"},\"sameAs\":[\"https:\\\/\\\/www.instagram.com\\\/acfix_global_piping_systems\\\/\",\"https:\\\/\\\/www.linkedin.com\\\/in\\\/ac-fix-global-piping-systems-7587a598\\\/\"]}]}<\/script>\n<!-- \/ Yoast SEO plugin. -->","yoast_head_json":{"title":"Syst\u00e8me PRESS-MULTI pour tubes multicouche - AC-FIX","robots":{"index":"index","follow":"follow","max-snippet":"max-snippet:-1","max-image-preview":"max-image-preview:large","max-video-preview":"max-video-preview:-1"},"canonical":"https:\/\/ac-fix.com\/fr\/systeme-press-multi-pour-tubes-multicouche\/","og_locale":"fr_FR","og_type":"article","og_title":"Syst\u00e8me PRESS-MULTI pour tubes multicouche - AC-FIX","og_description":"Information technique Syst\u00e8me PRESS-MULTI Vanne \u00e0 sph\u00e8re en laiton avec levier \u00c9tapes d\u2019assemblage DN 40, 50 Y 63 \u00c9tapes d\u2019assemblage DN 16 \u00c0 32 Certificats AENOR certificate AC-FIX system multilayer [&hellip;]","og_url":"https:\/\/ac-fix.com\/fr\/systeme-press-multi-pour-tubes-multicouche\/","og_site_name":"AC-FIX","article_modified_time":"2023-02-21T12:12:21+00:00","og_image":[{"url":"https:\/\/ac-fix.com\/wp-content\/uploads\/2023\/01\/cab-press-multi.jpg","type":"","width":"","height":""}],"twitter_card":"summary_large_image","schema":{"@context":"https:\/\/schema.org","@graph":[{"@type":"WebPage","@id":"https:\/\/ac-fix.com\/fr\/systeme-press-multi-pour-tubes-multicouche\/","url":"https:\/\/ac-fix.com\/fr\/systeme-press-multi-pour-tubes-multicouche\/","name":"Syst\u00e8me PRESS-MULTI pour tubes multicouche - AC-FIX","isPartOf":{"@id":"https:\/\/ac-fix.com\/fr\/#website"},"primaryImageOfPage":{"@id":"https:\/\/ac-fix.com\/fr\/systeme-press-multi-pour-tubes-multicouche\/#primaryimage"},"image":{"@id":"https:\/\/ac-fix.com\/fr\/systeme-press-multi-pour-tubes-multicouche\/#primaryimage"},"thumbnailUrl":"https:\/\/ac-fix.com\/wp-content\/uploads\/2023\/01\/cab-press-multi.jpg","datePublished":"2023-01-27T14:25:44+00:00","dateModified":"2023-02-21T12:12:21+00:00","breadcrumb":{"@id":"https:\/\/ac-fix.com\/fr\/systeme-press-multi-pour-tubes-multicouche\/#breadcrumb"},"inLanguage":"fr-FR","potentialAction":[{"@type":"ReadAction","target":["https:\/\/ac-fix.com\/fr\/systeme-press-multi-pour-tubes-multicouche\/"]}]},{"@type":"ImageObject","inLanguage":"fr-FR","@id":"https:\/\/ac-fix.com\/fr\/systeme-press-multi-pour-tubes-multicouche\/#primaryimage","url":"https:\/\/ac-fix.com\/wp-content\/uploads\/2023\/01\/cab-press-multi.jpg","contentUrl":"https:\/\/ac-fix.com\/wp-content\/uploads\/2023\/01\/cab-press-multi.jpg"},{"@type":"BreadcrumbList","@id":"https:\/\/ac-fix.com\/fr\/systeme-press-multi-pour-tubes-multicouche\/#breadcrumb","itemListElement":[{"@type":"ListItem","position":1,"name":"Home","item":"https:\/\/ac-fix.com\/fr\/"},{"@type":"ListItem","position":2,"name":"Syst\u00e8me PRESS-MULTI pour tubes multicouche"}]},{"@type":"WebSite","@id":"https:\/\/ac-fix.com\/fr\/#website","url":"https:\/\/ac-fix.com\/fr\/","name":"AC-FIX","description":"Sistemas de tuber\u00edas | Climatizaci\u00f3n Radiante | Aerotermia","publisher":{"@id":"https:\/\/ac-fix.com\/fr\/#organization"},"potentialAction":[{"@type":"SearchAction","target":{"@type":"EntryPoint","urlTemplate":"https:\/\/ac-fix.com\/fr\/?s={search_term_string}"},"query-input":{"@type":"PropertyValueSpecification","valueRequired":true,"valueName":"search_term_string"}}],"inLanguage":"fr-FR"},{"@type":"Organization","@id":"https:\/\/ac-fix.com\/fr\/#organization","name":"Global Piping Systems, S.L.","url":"https:\/\/ac-fix.com\/fr\/","logo":{"@type":"ImageObject","inLanguage":"fr-FR","@id":"https:\/\/ac-fix.com\/fr\/#\/schema\/logo\/image\/","url":"https:\/\/ac-fix.com\/wp-content\/uploads\/2022\/12\/logo.png","contentUrl":"https:\/\/ac-fix.com\/wp-content\/uploads\/2022\/12\/logo.png","width":383,"height":84,"caption":"Global Piping Systems, S.L."},"image":{"@id":"https:\/\/ac-fix.com\/fr\/#\/schema\/logo\/image\/"},"sameAs":["https:\/\/www.instagram.com\/acfix_global_piping_systems\/","https:\/\/www.linkedin.com\/in\/ac-fix-global-piping-systems-7587a598\/"]}]}},"_links":{"self":[{"href":"https:\/\/ac-fix.com\/fr\/wp-json\/wp\/v2\/pages\/7679","targetHints":{"allow":["GET"]}}],"collection":[{"href":"https:\/\/ac-fix.com\/fr\/wp-json\/wp\/v2\/pages"}],"about":[{"href":"https:\/\/ac-fix.com\/fr\/wp-json\/wp\/v2\/types\/page"}],"author":[{"embeddable":true,"href":"https:\/\/ac-fix.com\/fr\/wp-json\/wp\/v2\/users\/2"}],"replies":[{"embeddable":true,"href":"https:\/\/ac-fix.com\/fr\/wp-json\/wp\/v2\/comments?post=7679"}],"version-history":[{"count":5,"href":"https:\/\/ac-fix.com\/fr\/wp-json\/wp\/v2\/pages\/7679\/revisions"}],"predecessor-version":[{"id":9147,"href":"https:\/\/ac-fix.com\/fr\/wp-json\/wp\/v2\/pages\/7679\/revisions\/9147"}],"wp:attachment":[{"href":"https:\/\/ac-fix.com\/fr\/wp-json\/wp\/v2\/media?parent=7679"}],"curies":[{"name":"wp","href":"https:\/\/api.w.org\/{rel}","templated":true}]}}